{"id":272,"date":"2015-12-15T20:46:37","date_gmt":"2015-12-15T20:46:37","guid":{"rendered":"http:\/\/www.funerariasanfelipe.com.mx\/?page_id=272"},"modified":"2019-04-26T19:43:15","modified_gmt":"2019-04-26T19:43:15","slug":"servicios-a-futuro","status":"publish","type":"page","link":"https:\/\/www.funerariasanfelipe.com.mx\/index.php\/servicios-a-futuro\/","title":{"rendered":"Servicios a Futuro"},"content":{"rendered":"<p>[vc_row][vc_column width=&#8221;1\/2&#8243;][vc_column_text css=&#8221;.vc_custom_1554147804564{padding-top: 20px !important;padding-right: 20px !important;padding-bottom: 2px !important;padding-left: 20px !important;background-color: #ffffff !important;}&#8221;]<span style=\"color: #008000;\"><strong>SERVICIOS A FUTURO<\/strong><\/span><\/p>\n<p style=\"text-align: justify;\">El Servicio Funerario a Futuro es parte de una cultura de previsi\u00f3n adoptada en M\u00e9xico desde hace varios a\u00f1os. Por ello, hoy en d\u00eda cada vez son m\u00e1s las personas que deciden protegerse a trav\u00e9s de la adquisici\u00f3n de estos seguros.<\/p>\n<p style=\"text-align: justify;\"><strong><span style=\"color: #008000;\">Entre los diversos planes de previsi\u00f3n que ponemos a su disposici\u00f3n, destacan los siguientes:<\/span><\/strong><\/p>\n<ul style=\"text-align: justify;\">\n<li>\u00a0\u00a0\u00a0\u00a0\u00a0\u00a0 Tulip\u00e1n (met\u00e1lico de semi-lujo)<\/li>\n<li>\u00a0\u00a0\u00a0\u00a0\u00a0\u00a0 Tr\u00e9bol (met\u00e1lico est\u00e1ndar)<\/li>\n<li>\u00a0\u00a0\u00a0\u00a0\u00a0\u00a0 Manantial (madera de pino forrada con tapiz, modelo est\u00e1ndar)<\/li>\n<li>\u00a0\u00a0\u00a0\u00a0\u00a0\u00a0 J-36 (madera de pino forrada con tapiz, modelo econ\u00f3mico)<\/li>\n<li>\u00a0\u00a0\u00a0\u00a0\u00a0\u00a0 Cremaci\u00f3n<\/li>\n<li>\u00a0\u00a0\u00a0\u00a0\u00a0\u00a0 Cremaci\u00f3n simple<\/li>\n<li>\u00a0 \u00a0 \u00a0 \u00a0Madera Fina<\/li>\n<\/ul>\n<p>[\/vc_column_text][vc_single_image image=&#8221;1820&#8243; img_size=&#8221;full&#8221; css=&#8221;.vc_custom_1556307940263{padding-top: 15px !important;padding-right: 20px !important;}&#8221;][\/vc_column][vc_column width=&#8221;1\/2&#8243;][vc_single_image image=&#8221;1822&#8243; img_size=&#8221;full&#8221; css=&#8221;.vc_custom_1556307838159{padding-left: 20px !important;}&#8221;][vc_column_text css=&#8221;.vc_custom_1554147912457{padding-top: 30px !important;}&#8221;]<\/p>\n<p style=\"text-align: justify;\"><strong><span style=\"color: #008000;\">Los planes incluyen (no aplica en Cremaci\u00f3n simple):<\/span><\/strong><\/p>\n<ul>\n<li style=\"text-align: justify;\">\u00a0\u00a0\u00a0\u00a0\u00a0\u00a0 Recoger el cuerpo del lugar del fallecimiento (en eventos suscitados fuera de la ciudad de Chihuahua, se cargar\u00e1 adicionalmente el costo del traslado)<\/li>\n<li style=\"text-align: justify;\">\u00a0\u00a0\u00a0\u00a0\u00a0\u00a0 Embalsamamiento y est\u00e9tica del cuerpo<\/li>\n<li style=\"text-align: justify;\">\u00a0\u00a0\u00a0\u00a0\u00a0\u00a0 Ata\u00fad a su elecci\u00f3n (prestaci\u00f3n en caso de cremaci\u00f3n)<\/li>\n<li style=\"text-align: justify;\">\u00a0\u00a0\u00a0\u00a0\u00a0\u00a0 Cremaci\u00f3n del cuerpo, si es el caso<\/li>\n<li style=\"text-align: justify;\">\u00a0\u00a0\u00a0\u00a0\u00a0\u00a0 Capilla de velaci\u00f3n<\/li>\n<li style=\"text-align: justify;\">\u00a0\u00a0\u00a0\u00a0\u00a0\u00a0 Servicio de cafeter\u00eda<\/li>\n<li style=\"text-align: justify;\">\u00a0\u00a0\u00a0\u00a0\u00a0\u00a0 Estampas religiosas<\/li>\n<li style=\"text-align: justify;\">\u00a0\u00a0\u00a0\u00a0\u00a0\u00a0 Libro de recuerdos<\/li>\n<li style=\"text-align: justify;\">\u00a0\u00a0\u00a0\u00a0\u00a0\u00a0 Traslado al templo<\/li>\n<li style=\"text-align: justify;\">\u00a0\u00a0\u00a0\u00a0\u00a0\u00a0 Traslado al cementerio o, en su caso, al crematorio<\/li>\n<li style=\"text-align: justify;\">\u00a0\u00a0\u00a0\u00a0\u00a0\u00a0 Gestor\u00eda ante las autoridades correspondientes para efectuar la inhumaci\u00f3n o la cremaci\u00f3n<\/li>\n<li style=\"text-align: justify;\">\u00a0\u00a0\u00a0\u00a0\u00a0\u00a0 Cruz de madera o dep\u00f3sito para cenizas<\/li>\n<\/ul>\n<p>[\/vc_column_text][\/vc_column][\/vc_row]<\/p>\n","protected":false},"excerpt":{"rendered":"<p>[vc_row][vc_column width=&#8221;1\/2&#8243;][vc_column_text css=&#8221;.vc_custom_1554147804564{padding-top: 20px !important;padding-right: 20px !important;padding-bottom: 2px !important;padding-left: 20px !important;background-color: #ffffff !important;}&#8221;]SERVICIOS A FUTURO El Servicio Funerario a Futuro es parte de una cultura de previsi\u00f3n adoptada en M\u00e9xico desde hace varios a\u00f1os. Por ello, hoy en d\u00eda cada vez son m\u00e1s las personas que deciden protegerse a trav\u00e9s de la adquisici\u00f3n de estos [&hellip;]<\/p>\n","protected":false},"author":1,"featured_media":0,"parent":0,"menu_order":0,"comment_status":"closed","ping_status":"closed","template":"","meta":{"footnotes":""},"class_list":["post-272","page","type-page","status-publish","hentry","post"],"_links":{"self":[{"href":"https:\/\/www.funerariasanfelipe.com.mx\/index.php\/wp-json\/wp\/v2\/pages\/272","targetHints":{"allow":["GET"]}}],"collection":[{"href":"https:\/\/www.funerariasanfelipe.com.mx\/index.php\/wp-json\/wp\/v2\/pages"}],"about":[{"href":"https:\/\/www.funerariasanfelipe.com.mx\/index.php\/wp-json\/wp\/v2\/types\/page"}],"author":[{"embeddable":true,"href":"https:\/\/www.funerariasanfelipe.com.mx\/index.php\/wp-json\/wp\/v2\/users\/1"}],"replies":[{"embeddable":true,"href":"https:\/\/www.funerariasanfelipe.com.mx\/index.php\/wp-json\/wp\/v2\/comments?post=272"}],"version-history":[{"count":0,"href":"https:\/\/www.funerariasanfelipe.com.mx\/index.php\/wp-json\/wp\/v2\/pages\/272\/revisions"}],"wp:attachment":[{"href":"https:\/\/www.funerariasanfelipe.com.mx\/index.php\/wp-json\/wp\/v2\/media?parent=272"}],"curies":[{"name":"wp","href":"https:\/\/api.w.org\/{rel}","templated":true}]}}