{"id":276,"date":"2015-12-15T20:49:34","date_gmt":"2015-12-15T20:49:34","guid":{"rendered":"http:\/\/www.funerariasanfelipe.com.mx\/?page_id=276"},"modified":"2019-04-01T19:39:55","modified_gmt":"2019-04-01T19:39:55","slug":"servicios-de-uso-inmediato","status":"publish","type":"page","link":"https:\/\/www.funerariasanfelipe.com.mx\/index.php\/servicios-de-uso-inmediato\/","title":{"rendered":"Servicios de uso Inmediato"},"content":{"rendered":"<p>[vc_row][vc_column width=&#8221;1\/2&#8243;][vc_column_text css=&#8221;.vc_custom_1484341115340{padding-top: 20px !important;padding-right: 20px !important;padding-bottom: 20px !important;padding-left: 20px !important;background-color: #ffffff !important;}&#8221;]<span style=\"color: #008000;\"><strong>SERVICIOS DE USO INMEDIATO<\/strong><\/span><\/p>\n<p>Sabemos que no siempre estaremos asegurados cuando se suscite la p\u00e9rdida de un ser querido, por lo que Inhumaciones San Felipe cuenta con el sistema de Servicios de Uso Inmediato, los cuales le brindar\u00e1n asesor\u00eda de principio a fin durante ese dif\u00edcil acontecimiento.<\/p>\n<p><span style=\"color: #008000;\"><strong>Nuestros servicios funerarios incluyen:<\/strong><\/span><\/p>\n<ul>\n<li>\u00a0\u00a0\u00a0\u00a0\u00a0\u00a0 Recoger el cuerpo del lugar del fallecimiento desde cualquier parte de la Rep\u00fablica Mexicana<\/li>\n<li>\u00a0\u00a0\u00a0\u00a0\u00a0\u00a0 Embalsamamiento y est\u00e9tica del cuerpo<\/li>\n<li>\u00a0\u00a0\u00a0\u00a0\u00a0\u00a0 Ata\u00fad a su elecci\u00f3n (prestamo para velaci\u00f3n en caso de cremaci\u00f3n)<\/li>\n<li>\u00a0\u00a0\u00a0\u00a0\u00a0\u00a0 Cremaci\u00f3n del cuerpo, si es el caso<\/li>\n<li>\u00a0\u00a0\u00a0\u00a0\u00a0\u00a0 Capilla de velaci\u00f3n<\/li>\n<li>\u00a0\u00a0\u00a0\u00a0\u00a0\u00a0 Servicio de cafeter\u00eda<\/li>\n<li>\u00a0\u00a0\u00a0\u00a0\u00a0\u00a0 Estampas religiosas<\/li>\n<li>\u00a0\u00a0\u00a0\u00a0\u00a0\u00a0 Libro de recuerdos<\/li>\n<li>\u00a0\u00a0\u00a0\u00a0\u00a0\u00a0 Traslado al templo<\/li>\n<li>\u00a0\u00a0\u00a0\u00a0\u00a0\u00a0 Traslado al cementerio o, en su caso, al crematorio<\/li>\n<li>\u00a0\u00a0\u00a0\u00a0\u00a0\u00a0 Gestor\u00eda ante las autoridades correspondientes para efectuar la inhumaci\u00f3n o la cremaci\u00f3n<\/li>\n<li>\u00a0\u00a0\u00a0\u00a0\u00a0\u00a0 Cruz de madera o dep\u00f3sito para cenizas<\/li>\n<\/ul>\n<p>[\/vc_column_text][\/vc_column][vc_column width=&#8221;1\/2&#8243;][vc_single_image image=&#8221;1731&#8243; img_size=&#8221;full&#8221;][\/vc_column][\/vc_row]<\/p>\n","protected":false},"excerpt":{"rendered":"<p>[vc_row][vc_column width=&#8221;1\/2&#8243;][vc_column_text css=&#8221;.vc_custom_1484341115340{padding-top: 20px !important;padding-right: 20px !important;padding-bottom: 20px !important;padding-left: 20px !important;background-color: #ffffff !important;}&#8221;]SERVICIOS DE USO INMEDIATO Sabemos que no siempre estaremos asegurados cuando se suscite la p\u00e9rdida de un ser querido, por lo que Inhumaciones San Felipe cuenta con el sistema de Servicios de Uso Inmediato, los cuales le brindar\u00e1n asesor\u00eda de principio a fin [&hellip;]<\/p>\n","protected":false},"author":1,"featured_media":0,"parent":0,"menu_order":0,"comment_status":"closed","ping_status":"closed","template":"","meta":{"footnotes":""},"class_list":["post-276","page","type-page","status-publish","hentry","post"],"_links":{"self":[{"href":"https:\/\/www.funerariasanfelipe.com.mx\/index.php\/wp-json\/wp\/v2\/pages\/276","targetHints":{"allow":["GET"]}}],"collection":[{"href":"https:\/\/www.funerariasanfelipe.com.mx\/index.php\/wp-json\/wp\/v2\/pages"}],"about":[{"href":"https:\/\/www.funerariasanfelipe.com.mx\/index.php\/wp-json\/wp\/v2\/types\/page"}],"author":[{"embeddable":true,"href":"https:\/\/www.funerariasanfelipe.com.mx\/index.php\/wp-json\/wp\/v2\/users\/1"}],"replies":[{"embeddable":true,"href":"https:\/\/www.funerariasanfelipe.com.mx\/index.php\/wp-json\/wp\/v2\/comments?post=276"}],"version-history":[{"count":0,"href":"https:\/\/www.funerariasanfelipe.com.mx\/index.php\/wp-json\/wp\/v2\/pages\/276\/revisions"}],"wp:attachment":[{"href":"https:\/\/www.funerariasanfelipe.com.mx\/index.php\/wp-json\/wp\/v2\/media?parent=276"}],"curies":[{"name":"wp","href":"https:\/\/api.w.org\/{rel}","templated":true}]}}