{"id":5,"date":"2015-10-26T19:08:29","date_gmt":"2015-10-26T19:08:29","guid":{"rendered":"http:\/\/www.funerariasanfelipe.com.mx\/?page_id=5"},"modified":"2025-01-17T17:45:36","modified_gmt":"2025-01-17T17:45:36","slug":"inicio","status":"publish","type":"page","link":"https:\/\/www.funerariasanfelipe.com.mx\/","title":{"rendered":""},"content":{"rendered":"<p>[vc_row full_width=&#8221;stretch_row_content&#8221;][vc_column][rev_slider_vc alias=&#8221;slider1&#8243;][vc_separator color=&#8221;custom&#8221; accent_color=&#8221;#006838&#8243;][\/vc_column][\/vc_row][vc_row full_width=&#8221;stretch_row_content&#8221; full_height=&#8221;yes&#8221; columns_placement=&#8221;top&#8221; content_placement=&#8221;middle&#8221; parallax=&#8221;content-moving&#8221;][vc_column width=&#8221;1\/5&#8243;][\/vc_column][vc_column width=&#8221;1\/5&#8243; css=&#8221;.vc_custom_1554313412421{margin-right: 5px !important;padding-top: 50px !important;padding-right: 15px !important;padding-left: 15px !important;background-color: #c9c9c9 !important;}&#8221;][vc_single_image image=&#8221;1752&#8243; alignment=&#8221;center&#8221; css=&#8221;.vc_custom_1554151576331{padding-top: 0px !important;}&#8221;][vc_column_text el_class=&#8221;title-text&#8221;]<\/p>\n<h3 style=\"text-align: center;\"><span style=\"color: #000000;\">Funerales<\/span><\/h3>\n<p>[\/vc_column_text][vc_column_text el_class=&#8221;normal-text&#8221;]<\/p>\n<p style=\"text-align: center;\">Ofrecemos el servicio de velaci\u00f3n<br \/>\nen todas nuestras funerarias<br \/>\nautorizadas a lo largo del estado.[\/vc_column_text][vc_btn title=&#8221;Ver funerarias autorizadas&#8221; style=&#8221;outline-custom&#8221; outline_custom_color=&#8221;#ffffff&#8221; outline_custom_hover_background=&#8221;#006838&#8243; outline_custom_hover_text=&#8221;#ffffff&#8221; shape=&#8221;round&#8221; align=&#8221;center&#8221; link=&#8221;url:http%3A%2F%2Fwww.funerariasanfelipe.com.mx%2Fsite%2Findex.php%2Ffunerarias%2F|||&#8221; el_class=&#8221;green-button&#8221;][\/vc_column][vc_column width=&#8221;1\/5&#8243; css=&#8221;.vc_custom_1554314808611{margin-right: 5px !important;margin-left: 5px !important;padding-top: 50px !important;padding-right: 15px !important;padding-left: 15px !important;}&#8221;][vc_single_image image=&#8221;1785&#8243; alignment=&#8221;center&#8221;][vc_column_text el_class=&#8221;title-text&#8221;]<\/p>\n<h3 style=\"text-align: center;\"><span style=\"color: #000000;\">Cremaci\u00f3n<\/span><\/h3>\n<p>[\/vc_column_text][vc_column_text el_class=&#8221;normal-text&#8221;]<\/p>\n<p style=\"text-align: center;\">Le brindamos cremaci\u00f3n como<br \/>\nalternativa al entierro.<br \/>\nParte del servicio[\/vc_column_text][vc_btn title=&#8221;Ver los servicios&#8221; style=&#8221;outline-custom&#8221; outline_custom_color=&#8221;#ffffff&#8221; outline_custom_hover_background=&#8221;#006838&#8243; outline_custom_hover_text=&#8221;#ffffff&#8221; shape=&#8221;round&#8221; align=&#8221;center&#8221; link=&#8221;url:http%3A%2F%2Fwww.funerariasanfelipe.com.mx%2Fsite%2Findex.php%2Fservicios-de-uso-inmediato%2F|||&#8221; el_class=&#8221;green-button&#8221;][\/vc_column][vc_column width=&#8221;1\/5&#8243; css=&#8221;.vc_custom_1554314470284{margin-left: 5px !important;padding-top: 50px !important;padding-right: 15px !important;padding-left: 15px !important;background-color: #ffffff !important;}&#8221;][vc_single_image image=&#8221;1783&#8243; alignment=&#8221;center&#8221;][vc_column_text el_class=&#8221;title-text&#8221;]<\/p>\n<h3 style=\"text-align: center;\">Columbario<\/h3>\n<p>[\/vc_column_text][vc_column_text el_class=&#8221;normal-text&#8221;]<\/p>\n<p style=\"text-align: center;\">Contamos con cementerios para<br \/>\napoyarlo durante su duelo.<br \/>\nP\u00f3liza funeraria.[\/vc_column_text][vc_btn title=&#8221;Ver los servicios&#8221; style=&#8221;outline-custom&#8221; outline_custom_color=&#8221;#ffffff&#8221; outline_custom_hover_background=&#8221;#006838&#8243; outline_custom_hover_text=&#8221;#ffffff&#8221; shape=&#8221;round&#8221; align=&#8221;center&#8221; link=&#8221;url:http%3A%2F%2Fwww.funerariasanfelipe.com.mx%2Fsite%2Findex.php%2Fprocedimiento%2F|||&#8221; el_class=&#8221;green-button&#8221;][\/vc_column][vc_column width=&#8221;1\/5&#8243;][\/vc_column][\/vc_row][vc_row full_width=&#8221;stretch_row_content&#8221;][vc_column][vc_separator color=&#8221;custom&#8221; accent_color=&#8221;#006838&#8243;][\/vc_column][\/vc_row][vc_row full_width=&#8221;stretch_row_content&#8221;][vc_column width=&#8221;1\/4&#8243;][\/vc_column][vc_column width=&#8221;1\/4&#8243;][vc_single_image image=&#8221;1730&#8243; img_size=&#8221;full&#8221; css=&#8221;.vc_custom_1737133320483{padding-top: 25px !important;}&#8221;][\/vc_column][vc_column width=&#8221;1\/4&#8243; css=&#8221;.vc_custom_1737132741506{border-radius: 4px !important;}&#8221;][vc_column_text el_class=&#8221;small-text&#8221; css=&#8221;.vc_custom_1737133237364{padding-left: 40px !important;}&#8221;]Con m\u00e1s de 30 a\u00f1os de experiencia, estamos comprometidos a continuar ejerciendo los valores que hasta ahora nos han permitido llegar a ser una organizaci\u00f3n s\u00f3lida y respetable al servicio de sus clientes.[\/vc_column_text][vc_column_text el_class=&#8221;small-text&#8221; css=&#8221;.vc_custom_1737133249785{padding-left: 40px !important;border-radius: 3px !important;}&#8221;]Al d\u00eda de hoy Funeraria San Felipe se encuentra en constante crecimiento, comprometida con sus clientes y el medio ambiente, siendo la \u00fanica funeraria autosustentable utilizando un sistema de energ\u00eda solar. As\u00ed mismo cuenta con programas de capacitaci\u00f3n continuos para el personal que labora en la organizaci\u00f3n, logrando as\u00ed ofrecer el mejor servicio en su ramo.[\/vc_column_text][vc_empty_space height=&#8221;25&#8243;][vc_btn title=&#8221;Leer m\u00e1s sobre nosotros&#8221; style=&#8221;outline-custom&#8221; outline_custom_color=&#8221;#ffffff&#8221; outline_custom_hover_background=&#8221;#006838&#8243; outline_custom_hover_text=&#8221;#ffffff&#8221; shape=&#8221;round&#8221; align=&#8221;center&#8221; link=&#8221;url:http%3A%2F%2Fwww.funerariasanfelipe.com.mx%2Fsite%2Findex.php%2Fquienes-somos%2F|||&#8221; el_class=&#8221;green-button&#8221;][\/vc_column][vc_column width=&#8221;1\/4&#8243;][\/vc_column][\/vc_row][vc_row full_width=&#8221;stretch_row_content&#8221;][vc_column][vc_column_text]<link href=\"https:\/\/fonts.googleapis.com\/css?family=Dancing+Script%3A400\" rel=\"stylesheet\" property=\"stylesheet\" type=\"text\/css\" media=\"all\" \/>\n<div id=\"rev_slider_2_1_wrapper\" class=\"rev_slider_wrapper fullwidthbanner-container\" style=\"margin:0px auto;background-color:transparent;padding:0px;margin-top:0px;margin-bottom:0px;\">\n<!-- START REVOLUTION SLIDER 5.2.6 fullwidth mode -->\n\t<div id=\"rev_slider_2_1\" class=\"rev_slider fullwidthabanner\" style=\"display:none;\" data-version=\"5.2.6\">\n<ul>\t<!-- SLIDE  -->\n\t<li data-index=\"rs-5\" data-transition=\"notransition\" data-slotamount=\"default\" data-hideafterloop=\"0\" data-hideslideonmobile=\"off\"  data-easein=\"default\" data-easeout=\"default\" data-masterspeed=\"default\"  data-delay=\"14000\"  data-rotate=\"0\"  data-saveperformance=\"off\"  data-title=\"Slide\" data-param1=\"\" data-param2=\"\" data-param3=\"\" data-param4=\"\" data-param5=\"\" data-param6=\"\" data-param7=\"\" data-param8=\"\" data-param9=\"\" data-param10=\"\" data-description=\"\">\n\t\t<!-- MAIN IMAGE -->\n\t\t<img loading=\"lazy\" decoding=\"async\" src=\"https:\/\/www.funerariasanfelipe.com.mx\/wp-content\/uploads\/2019\/04\/nubes2.jpg\"  alt=\"\" title=\"nubes2\"  width=\"1280\" height=\"720\" data-bgposition=\"center center\" data-bgfit=\"cover\" data-bgrepeat=\"no-repeat\" data-bgparallax=\"off\" class=\"rev-slidebg\" data-no-retina>\n\t\t<!-- LAYERS -->\n\n\t\t<!-- LAYER NR. 1 -->\n\t\t<div class=\"tp-caption tp-shape tp-shapewrapper  tp-resizeme\" \n\t\t\t id=\"slide-5-layer-4\" \n\t\t\t data-x=\"['left','left','left','left']\" data-hoffset=\"['60','60','60','60']\" \n\t\t\t data-y=\"['top','top','top','top']\" data-voffset=\"['150','150','150','150']\" \n\t\t\t\t\t\tdata-width=\"1240\"\n\t\t\tdata-height=\"100\"\n\t\t\tdata-whitespace=\"normal\"\n\t\t\tdata-transform_idle=\"o:1;\"\n \n\t\t\t data-transform_in=\"opacity:0;s:1200;e:Power2.easeInOut;\" \n\t\t\t data-transform_out=\"opacity:0;s:1200;\" \n\t\t\tdata-start=\"0\" \n\t\t\tdata-responsive_offset=\"on\" \n\n\t\t\t\n\t\t\tstyle=\"z-index: 5;background-color:rgba(0, 0, 0, 0.50);border-color:rgba(0, 0, 0, 0.50);border-radius:5px 5px 5px 5px;\"> <\/div>\n\n\t\t<!-- LAYER NR. 2 -->\n\t\t<div class=\"tp-caption   tp-resizeme\" \n\t\t\t id=\"slide-5-layer-2\" \n\t\t\t data-x=\"['left','left','left','left']\" data-hoffset=\"['81','81','81','81']\" \n\t\t\t data-y=\"['top','top','top','top']\" data-voffset=\"['161','161','161','161']\" \n\t\t\t\t\t\tdata-width=\"1187\"\n\t\t\tdata-height=\"81\"\n\t\t\tdata-whitespace=\"normal\"\n\t\t\tdata-transform_idle=\"o:1;\"\n \n\t\t\t data-transform_in=\"y:[-100%];z:0;rZ:35deg;sX:1;sY:1;skX:0;skY:0;s:2000;e:Power4.easeInOut;\" \n\t\t\t data-transform_out=\"x:-50px;opacity:0;s:1200;e:Power1.easeIn;\" \n\t\t\t data-mask_in=\"x:0px;y:0px;\" \n\t\t\tdata-start=\"500\" \n\t\t\tdata-splitin=\"chars\" \n\t\t\tdata-splitout=\"none\" \n\t\t\tdata-responsive_offset=\"on\" \n\n\t\t\tdata-elementdelay=\"0.05\" \n\t\t\t data-end=\"6300\" \n\n\t\t\tstyle=\"z-index: 6; min-width: 1187px; max-width: 1187px; max-width: 81px; max-width: 81px; white-space: normal; font-size: 44px; line-height: 40px; font-weight: 400; color: rgba(255, 255, 255, 1.00);font-family:Dancing Script;font-style:italic;\">\"D\u00eda a d\u00eda pienso en ti, en cada momento de mi vida, tu recuerdo est\u00e1 en m\u00ed.\" <\/div>\n\n\t\t<!-- LAYER NR. 3 -->\n\t\t<div class=\"tp-caption   tp-resizeme\" \n\t\t\t id=\"slide-5-layer-3\" \n\t\t\t data-x=\"['left','left','left','left']\" data-hoffset=\"['80','80','80','80']\" \n\t\t\t data-y=\"['top','top','top','top']\" data-voffset=\"['161','161','161','161']\" \n\t\t\t\t\t\tdata-width=\"1222\"\n\t\t\tdata-height=\"122\"\n\t\t\tdata-whitespace=\"normal\"\n\t\t\tdata-transform_idle=\"o:1;\"\n \n\t\t\t data-transform_in=\"y:[-100%];z:0;rZ:35deg;sX:1;sY:1;skX:0;skY:0;s:2000;e:Power4.easeInOut;\" \n\t\t\t data-transform_out=\"x:-50px;opacity:0;s:1200;e:Power1.easeIn;\" \n\t\t\t data-mask_in=\"x:0px;y:0px;\" \n\t\t\tdata-start=\"7000\" \n\t\t\tdata-splitin=\"chars\" \n\t\t\tdata-splitout=\"none\" \n\t\t\tdata-responsive_offset=\"on\" \n\n\t\t\tdata-elementdelay=\"0.05\" \n\t\t\t\n\t\t\tstyle=\"z-index: 7; min-width: 1222px; max-width: 1222px; max-width: 122px; max-width: 122px; white-space: normal; font-size: 44px; line-height: 40px; font-weight: 400; color: rgba(255, 255, 255, 1.00);font-family:Dancing Script;font-style:italic;\">\"La muerte se ha llevado su cuerpo, pero su esp\u00edritu siempre estar\u00e1 con nosotros, por siempre en nuestros corazones.\" <\/div>\n\t<\/li>\n\t<!-- SLIDE  -->\n\t<li data-index=\"rs-6\" data-transition=\"fade\" data-slotamount=\"default\" data-hideafterloop=\"0\" data-hideslideonmobile=\"off\"  data-easein=\"default\" data-easeout=\"default\" data-masterspeed=\"300\"  data-delay=\"20000\"  data-rotate=\"0\"  data-saveperformance=\"off\"  data-title=\"Slide\" data-param1=\"\" data-param2=\"\" data-param3=\"\" data-param4=\"\" data-param5=\"\" data-param6=\"\" data-param7=\"\" data-param8=\"\" data-param9=\"\" data-param10=\"\" data-description=\"\">\n\t\t<!-- MAIN IMAGE -->\n\t\t<img decoding=\"async\" src=\"https:\/\/www.funerariasanfelipe.com.mx\/wp-content\/plugins\/revslider2\/admin\/assets\/images\/transparent.png\"  alt=\"\"  data-bgposition=\"center center\" data-bgfit=\"cover\" data-bgrepeat=\"no-repeat\" data-bgparallax=\"off\" class=\"rev-slidebg\" data-no-retina>\n\t\t<!-- LAYERS -->\n\n\t\t<!-- LAYER NR. 1 -->\n\t\t<div class=\"tp-caption   tp-resizeme\" \n\t\t\t id=\"slide-6-layer-1\" \n\t\t\t data-x=\"['left','left','left','left']\" data-hoffset=\"['-57','-57','-57','-57']\" \n\t\t\t data-y=\"['top','top','top','top']\" data-voffset=\"['-217','-217','-217','-217']\" \n\t\t\t\t\t\tdata-width=\"none\"\n\t\t\tdata-height=\"none\"\n\t\t\tdata-whitespace=\"nowrap\"\n\t\t\tdata-transform_idle=\"o:1;\"\n \n\t\t\t data-transform_in=\"opacity:0;s:300;e:Power2.easeInOut;\" \n\t\t\t data-transform_out=\"opacity:0;s:800;\" \n\t\t\tdata-start=\"500\" \n\t\t\tdata-responsive_offset=\"on\" \n\n\t\t\t\n\t\t\tstyle=\"z-index: 5;\"><img decoding=\"async\" src=\"https:\/\/www.funerariasanfelipe.com.mx\/site\/wp-content\/uploads\/2019\/04\/hermosas-fotos-de-paisajes_1366x768_4736_low_des.jpg\" alt=\"\" data-ww=\"['1499px','1499px','1499px','1499px']\" data-hh=\"['843px','843px','843px','843px']\" data-no-retina> <\/div>\n\n\t\t<!-- LAYER NR. 2 -->\n\t\t<div class=\"tp-caption tp-shape tp-shapewrapper  tp-resizeme\" \n\t\t\t id=\"slide-6-layer-3\" \n\t\t\t data-x=\"['center','center','center','center']\" data-hoffset=\"['0','0','0','0']\" \n\t\t\t data-y=\"['middle','middle','middle','middle']\" data-voffset=\"['0','0','0','0']\" \n\t\t\t\t\t\tdata-width=\"1335\"\n\t\t\tdata-height=\"115\"\n\t\t\tdata-whitespace=\"normal\"\n\t\t\tdata-transform_idle=\"o:1;\"\n \n\t\t\t data-transform_in=\"opacity:0;s:300;e:Power2.easeInOut;\" \n\t\t\t data-transform_out=\"opacity:0;s:300;\" \n\t\t\tdata-start=\"500\" \n\t\t\tdata-responsive_offset=\"on\" \n\n\t\t\t\n\t\t\tstyle=\"z-index: 6;background-color:rgba(0, 0, 0, 0.50);border-color:rgba(0, 0, 0, 0.50);border-radius:5px 5px 5px 5px;\"> <\/div>\n\n\t\t<!-- LAYER NR. 3 -->\n\t\t<div class=\"tp-caption   tp-resizeme\" \n\t\t\t id=\"slide-6-layer-2\" \n\t\t\t data-x=\"['center','center','center','center']\" data-hoffset=\"['0','0','0','0']\" \n\t\t\t data-y=\"['middle','middle','middle','middle']\" data-voffset=\"['0','0','0','0']\" \n\t\t\t\t\t\tdata-width=\"1294\"\n\t\t\tdata-height=\"none\"\n\t\t\tdata-whitespace=\"normal\"\n\t\t\tdata-transform_idle=\"o:1;\"\n \n\t\t\t data-transform_in=\"y:[-100%];z:0;rZ:35deg;sX:1;sY:1;skX:0;skY:0;s:2000;e:Power4.easeInOut;\" \n\t\t\t data-transform_out=\"x:-50px;opacity:0;s:1200;\" \n\t\t\t data-mask_in=\"x:0px;y:0px;\" \n\t\t\tdata-start=\"500\" \n\t\t\tdata-splitin=\"chars\" \n\t\t\tdata-splitout=\"none\" \n\t\t\tdata-responsive_offset=\"on\" \n\n\t\t\tdata-elementdelay=\"0.05\" \n\t\t\t data-end=\"9100\" \n\n\t\t\tstyle=\"z-index: 7; min-width: 1294px; max-width: 1294px; white-space: normal; font-size: 40px; line-height: 40px; font-weight: 400; color: rgba(255, 255, 255, 1.00);font-family:Dancing Script;font-style:italic;\">\"Cuando alguien querido muere no hay forma de evitar la tristeza y tener pena, pero tenemos la paz que nos da saberlo en el para\u00edso junto a Dios.\" <\/div>\n\n\t\t<!-- LAYER NR. 4 -->\n\t\t<div class=\"tp-caption   tp-resizeme\" \n\t\t\t id=\"slide-6-layer-4\" \n\t\t\t data-x=\"['center','center','center','center']\" data-hoffset=\"['-3','-3','-3','-3']\" \n\t\t\t data-y=\"['middle','middle','middle','middle']\" data-voffset=\"['-3','-3','-3','-3']\" \n\t\t\t\t\t\tdata-width=\"1294\"\n\t\t\tdata-height=\"none\"\n\t\t\tdata-whitespace=\"normal\"\n\t\t\tdata-transform_idle=\"o:1;\"\n \n\t\t\t data-transform_in=\"y:[-100%];z:0;rZ:35deg;sX:1;sY:1;skX:0;skY:0;s:2000;e:Power4.easeInOut;\" \n\t\t\t data-transform_out=\"x:-50px;opacity:0;s:1200;\" \n\t\t\t data-mask_in=\"x:0px;y:0px;\" \n\t\t\tdata-start=\"10000\" \n\t\t\tdata-splitin=\"chars\" \n\t\t\tdata-splitout=\"none\" \n\t\t\tdata-responsive_offset=\"on\" \n\n\t\t\tdata-elementdelay=\"0.05\" \n\t\t\t data-end=\"19300\" \n\n\t\t\tstyle=\"z-index: 8; min-width: 1294px; max-width: 1294px; white-space: normal; font-size: 40px; line-height: 40px; font-weight: 400; color: rgba(255, 255, 255, 1.00);font-family:Dancing Script;font-style:italic;\">\"La pena que sentimos en este instante es muy grande, pero el amor que sentimos por ti ser\u00e1 a\u00fan mayor pues esta persona estar\u00e1 viva dentro de nosotros por siempre.\" <\/div>\n\t<\/li>\n<\/ul>\n<div class=\"tp-bannertimer tp-bottom\" style=\"visibility: hidden !important;\"><\/div>\t<\/div>\n<script>var htmlDiv = document.getElementById(\"rs-plugin-settings-inline-css\"); var htmlDivCss=\"\";\n\t\t\t\tif(htmlDiv) {\n\t\t\t\t\thtmlDiv.innerHTML = htmlDiv.innerHTML + htmlDivCss;\n\t\t\t\t}else{\n\t\t\t\t\tvar htmlDiv = document.createElement(\"div\");\n\t\t\t\t\thtmlDiv.innerHTML = \"<style>\" + htmlDivCss + \"<\/style>\";\n\t\t\t\t\tdocument.getElementsByTagName(\"head\")[0].appendChild(htmlDiv.childNodes[0]);\n\t\t\t\t}\n\t\t\t<\/script>\n\t\t<script type=\"text\/javascript\">\n\t\t\t\t\t\t\/******************************************\n\t\t\t\t-\tPREPARE PLACEHOLDER FOR SLIDER\t-\n\t\t\t******************************************\/\n\n\t\t\tvar setREVStartSize=function(){\n\t\t\t\ttry{var e=new Object,i=jQuery(window).width(),t=9999,r=0,n=0,l=0,f=0,s=0,h=0;\n\t\t\t\t\te.c = jQuery('#rev_slider_2_1');\n\t\t\t\t\te.responsiveLevels = [1240,1024,778,480];\n\t\t\t\t\te.gridwidth = [1400,1024,778,480];\n\t\t\t\t\te.gridheight = [400,768,960,720];\n\t\t\t\t\t\t\t\n\t\t\t\t\te.sliderLayout = \"fullwidth\";\n\t\t\t\t\tif(e.responsiveLevels&&(jQuery.each(e.responsiveLevels,function(e,f){f>i&&(t=r=f,l=e),i>f&&f>r&&(r=f,n=e)}),t>r&&(l=n)),f=e.gridheight[l]||e.gridheight[0]||e.gridheight,s=e.gridwidth[l]||e.gridwidth[0]||e.gridwidth,h=i\/s,h=h>1?1:h,f=Math.round(h*f),\"fullscreen\"==e.sliderLayout){var u=(e.c.width(),jQuery(window).height());if(void 0!=e.fullScreenOffsetContainer){var c=e.fullScreenOffsetContainer.split(\",\");if (c) jQuery.each(c,function(e,i){u=jQuery(i).length>0?u-jQuery(i).outerHeight(!0):u}),e.fullScreenOffset.split(\"%\").length>1&&void 0!=e.fullScreenOffset&&e.fullScreenOffset.length>0?u-=jQuery(window).height()*parseInt(e.fullScreenOffset,0)\/100:void 0!=e.fullScreenOffset&&e.fullScreenOffset.length>0&&(u-=parseInt(e.fullScreenOffset,0))}f=u}else void 0!=e.minHeight&&f<e.minHeight&&(f=e.minHeight);e.c.closest(\".rev_slider_wrapper\").css({height:f})\n\t\t\t\t\t\n\t\t\t\t}catch(d){console.log(\"Failure at Presize of Slider:\"+d)}\n\t\t\t};\n\t\t\t\n\t\t\tsetREVStartSize();\n\t\t\t\n\t\t\t\t\t\tvar tpj=jQuery;\n\t\t\t\n\t\t\tvar revapi2;\n\t\t\ttpj(document).ready(function() {\n\t\t\t\tif(tpj(\"#rev_slider_2_1\").revolution == undefined){\n\t\t\t\t\trevslider_showDoubleJqueryError(\"#rev_slider_2_1\");\n\t\t\t\t}else{\n\t\t\t\t\trevapi2 = tpj(\"#rev_slider_2_1\").show().revolution({\n\t\t\t\t\t\tsliderType:\"standard\",\njsFileLocation:\"\/\/www.funerariasanfelipe.com.mx\/wp-content\/plugins\/revslider2\/public\/assets\/js\/\",\n\t\t\t\t\t\tsliderLayout:\"fullwidth\",\n\t\t\t\t\t\tdottedOverlay:\"none\",\n\t\t\t\t\t\tdelay:9000,\n\t\t\t\t\t\tnavigation: {\n\t\t\t\t\t\t\tkeyboardNavigation:\"off\",\n\t\t\t\t\t\t\tkeyboard_direction: \"horizontal\",\n\t\t\t\t\t\t\tmouseScrollNavigation:\"off\",\n \t\t\t\t\t\t\tmouseScrollReverse:\"default\",\n\t\t\t\t\t\t\tonHoverStop:\"off\",\n\t\t\t\t\t\t\ttouch:{\n\t\t\t\t\t\t\t\ttouchenabled:\"on\",\n\t\t\t\t\t\t\t\tswipe_threshold: 75,\n\t\t\t\t\t\t\t\tswipe_min_touches: 50,\n\t\t\t\t\t\t\t\tswipe_direction: \"horizontal\",\n\t\t\t\t\t\t\t\tdrag_block_vertical: false\n\t\t\t\t\t\t\t}\n\t\t\t\t\t\t},\n\t\t\t\t\t\tresponsiveLevels:[1240,1024,778,480],\n\t\t\t\t\t\tvisibilityLevels:[1240,1024,778,480],\n\t\t\t\t\t\tgridwidth:[1400,1024,778,480],\n\t\t\t\t\t\tgridheight:[400,768,960,720],\n\t\t\t\t\t\tlazyType:\"none\",\n\t\t\t\t\t\tparallax: {\n\t\t\t\t\t\t\ttype:\"mouse\",\n\t\t\t\t\t\t\torigo:\"slidercenter\",\n\t\t\t\t\t\t\tspeed:2000,\n\t\t\t\t\t\t\tlevels:[2,3,4,5,6,7,12,16,10,50,47,48,49,50,51,55],\n\t\t\t\t\t\t\ttype:\"mouse\",\n\t\t\t\t\t\t},\n\t\t\t\t\t\tshadow:0,\n\t\t\t\t\t\tspinner:\"off\",\n\t\t\t\t\t\tstopLoop:\"off\",\n\t\t\t\t\t\tstopAfterLoops:-1,\n\t\t\t\t\t\tstopAtSlide:-1,\n\t\t\t\t\t\tshuffle:\"off\",\n\t\t\t\t\t\tautoHeight:\"off\",\n\t\t\t\t\t\tdisableProgressBar:\"on\",\n\t\t\t\t\t\thideThumbsOnMobile:\"on\",\n\t\t\t\t\t\thideSliderAtLimit:0,\n\t\t\t\t\t\thideCaptionAtLimit:0,\n\t\t\t\t\t\thideAllCaptionAtLilmit:0,\n\t\t\t\t\t\tdebugMode:false,\n\t\t\t\t\t\tfallbacks: {\n\t\t\t\t\t\t\tsimplifyAll:\"off\",\n\t\t\t\t\t\t\tnextSlideOnWindowFocus:\"off\",\n\t\t\t\t\t\t\tdisableFocusListener:false,\n\t\t\t\t\t\t}\n\t\t\t\t\t});\n\t\t\t\t}\n\t\t\t});\t\/*ready*\/\n\t\t<\/script>\n\t\t<\/div><!-- END REVOLUTION SLIDER -->[\/vc_column_text][\/vc_column][\/vc_row][vc_row full_width=&#8221;stretch_row_content&#8221;][vc_column][vc_separator color=&#8221;custom&#8221; accent_color=&#8221;#006838&#8243;][\/vc_column][\/vc_row][vc_row full_width=&#8221;stretch_row_content&#8221;][vc_column width=&#8221;1\/4&#8243;][\/vc_column][vc_column width=&#8221;1\/4&#8243;][vc_column_text el_class=&#8221;title-text&#8221;]Cont\u00e1ctanos o d\u00e9janos tus sugerencias sobre nuestro servicio[\/vc_column_text]<div role=\"form\" class=\"wpcf7\" id=\"wpcf7-f134-o1\" lang=\"es-ES\" dir=\"ltr\">\n<div class=\"screen-reader-response\"><\/div>\n<form action=\"\/index.php\/wp-json\/wp\/v2\/pages\/5#wpcf7-f134-o1\" method=\"post\" class=\"wpcf7-form\" novalidate=\"novalidate\">\n<div style=\"display: none;\">\n<input type=\"hidden\" name=\"_wpcf7\" value=\"134\" \/>\n<input type=\"hidden\" name=\"_wpcf7_version\" value=\"4.3\" \/>\n<input type=\"hidden\" name=\"_wpcf7_locale\" value=\"es_ES\" \/>\n<input type=\"hidden\" name=\"_wpcf7_unit_tag\" value=\"wpcf7-f134-o1\" \/>\n<input type=\"hidden\" name=\"_wpnonce\" value=\"4fc866046f\" \/>\n<\/div>\n<p>Nombre (requerido)<br \/>\n    <span class=\"wpcf7-form-control-wrap tu-nombre\"><input type=\"text\" name=\"tu-nombre\" value=\"\" size=\"40\" class=\"wpcf7-form-control wpcf7-text wpcf7-validates-as-required\" aria-required=\"true\" aria-invalid=\"false\" \/><\/span> <\/p>\n<p>Tel\u00e9fono (requerido)<br \/>\n    <span class=\"wpcf7-form-control-wrap tu-telefono\"><input type=\"text\" name=\"tu-telefono\" value=\"\" size=\"40\" class=\"wpcf7-form-control wpcf7-text wpcf7-validates-as-required\" aria-required=\"true\" aria-invalid=\"false\" \/><\/span> <\/p>\n<p>Correo electr\u00f3nico (requerido)<br \/>\n    <span class=\"wpcf7-form-control-wrap tu-correo\"><input type=\"email\" name=\"tu-correo\" value=\"\" size=\"40\" class=\"wpcf7-form-control wpcf7-text wpcf7-email wpcf7-validates-as-required wpcf7-validates-as-email\" aria-required=\"true\" aria-invalid=\"false\" \/><\/span> <\/p>\n<p>Asunto<br \/>\n    <span class=\"wpcf7-form-control-wrap tu-asunto\"><input type=\"text\" name=\"tu-asunto\" value=\"\" size=\"40\" class=\"wpcf7-form-control wpcf7-text\" aria-invalid=\"false\" \/><\/span> <\/p>\n<p>Mensaje<br \/>\n    <span class=\"wpcf7-form-control-wrap tu-mensaje\"><textarea name=\"tu-mensaje\" cols=\"40\" rows=\"10\" class=\"wpcf7-form-control wpcf7-textarea\" aria-invalid=\"false\"><\/textarea><\/span> <\/p>\n<p><input type=\"submit\" value=\"Enviar\" class=\"wpcf7-form-control wpcf7-submit\" \/><\/p>\n<div class=\"wpcf7-response-output wpcf7-display-none\"><\/div><\/form><\/div>[\/vc_column][vc_column width=&#8221;1\/4&#8243;][vc_column_text css=&#8221;.vc_custom_1737133610179{margin-left: 50px !important;}&#8221;]<iframe loading=\"lazy\" style=\"border: 0;\" src=\"https:\/\/www.google.com\/maps\/embed?pb=!1m18!1m12!1m3!1d6587.107580584727!2d-106.08869147785484!3d28.651492721804615!2m3!1f0!2f0!3f0!3m2!1i1024!2i768!4f13.1!3m3!1m2!1s0x86ea4341b5f2fff9%3A0x453dea6789b28f2c!2sFuneraria+San+Felipe!5e0!3m2!1ses-419!2smx!4v1554147434027!5m2!1ses-419!2smx\" width=\"800\" height=\"510\" frameborder=\"0\" allowfullscreen=\"allowfullscreen\"><\/iframe>[\/vc_column_text][\/vc_column][vc_column width=&#8221;1\/4&#8243;][\/vc_column][\/vc_row]<\/p>\n","protected":false},"excerpt":{"rendered":"<p>[vc_row full_width=&#8221;stretch_row_content&#8221;][vc_column][rev_slider_vc alias=&#8221;slider1&#8243;][vc_separator color=&#8221;custom&#8221; accent_color=&#8221;#006838&#8243;][\/vc_column][\/vc_row][vc_row full_width=&#8221;stretch_row_content&#8221; full_height=&#8221;yes&#8221; columns_placement=&#8221;top&#8221; content_placement=&#8221;middle&#8221; parallax=&#8221;content-moving&#8221;][vc_column width=&#8221;1\/5&#8243;][\/vc_column][vc_column width=&#8221;1\/5&#8243; css=&#8221;.vc_custom_1554313412421{margin-right: 5px !important;padding-top: 50px !important;padding-right: 15px !important;padding-left: 15px !important;background-color: #c9c9c9 !important;}&#8221;][vc_single_image image=&#8221;1752&#8243; alignment=&#8221;center&#8221; css=&#8221;.vc_custom_1554151576331{padding-top: 0px !important;}&#8221;][vc_column_text el_class=&#8221;title-text&#8221;] Funerales [\/vc_column_text][vc_column_text el_class=&#8221;normal-text&#8221;] Ofrecemos el servicio de velaci\u00f3n en todas nuestras funerarias autorizadas a lo largo del estado.[\/vc_column_text][vc_btn title=&#8221;Ver funerarias autorizadas&#8221; style=&#8221;outline-custom&#8221; outline_custom_color=&#8221;#ffffff&#8221; outline_custom_hover_background=&#8221;#006838&#8243; outline_custom_hover_text=&#8221;#ffffff&#8221; shape=&#8221;round&#8221; [&hellip;]<\/p>\n","protected":false},"author":1,"featured_media":0,"parent":0,"menu_order":0,"comment_status":"closed","ping_status":"open","template":"","meta":{"footnotes":""},"class_list":["post-5","page","type-page","status-publish","hentry","post"],"_links":{"self":[{"href":"https:\/\/www.funerariasanfelipe.com.mx\/index.php\/wp-json\/wp\/v2\/pages\/5","targetHints":{"allow":["GET"]}}],"collection":[{"href":"https:\/\/www.funerariasanfelipe.com.mx\/index.php\/wp-json\/wp\/v2\/pages"}],"about":[{"href":"https:\/\/www.funerariasanfelipe.com.mx\/index.php\/wp-json\/wp\/v2\/types\/page"}],"author":[{"embeddable":true,"href":"https:\/\/www.funerariasanfelipe.com.mx\/index.php\/wp-json\/wp\/v2\/users\/1"}],"replies":[{"embeddable":true,"href":"https:\/\/www.funerariasanfelipe.com.mx\/index.php\/wp-json\/wp\/v2\/comments?post=5"}],"version-history":[{"count":0,"href":"https:\/\/www.funerariasanfelipe.com.mx\/index.php\/wp-json\/wp\/v2\/pages\/5\/revisions"}],"wp:attachment":[{"href":"https:\/\/www.funerariasanfelipe.com.mx\/index.php\/wp-json\/wp\/v2\/media?parent=5"}],"curies":[{"name":"wp","href":"https:\/\/api.w.org\/{rel}","templated":true}]}}