{"id":533,"date":"2016-11-05T16:36:46","date_gmt":"2016-11-05T16:36:46","guid":{"rendered":"http:\/\/www.funerariasanfelipe.com.mx\/?page_id=533"},"modified":"2017-07-19T22:00:38","modified_gmt":"2017-07-19T22:00:38","slug":"procedimiento","status":"publish","type":"page","link":"https:\/\/www.funerariasanfelipe.com.mx\/index.php\/procedimiento\/","title":{"rendered":"P\u00f3liza Funeraria"},"content":{"rendered":"<p>[vc_row bg_type=&#8221;bg_color&#8221; bg_color_value=&#8221;#ffffff&#8221;][vc_column width=&#8221;1\/2&#8243;][vc_custom_heading text=&#8221;\u00bfC\u00d3MO REPORTAR UN EVENTO?&#8221; font_container=&#8221;tag:h3|text_align:center|color:%231f931d&#8221; google_fonts=&#8221;font_family:Cinzel%3Aregular%2C700%2C900|font_style:400%20regular%3A400%3Anormal&#8221;][vc_column_text]<\/p>\n<p style=\"text-align: center;\"><strong>1.<\/strong>Mant\u00e9n la calma y re\u00fane<br \/>\ntu documentaci\u00f3n.<br \/>\n<strong>2.<\/strong>Comun\u00edcate con nosotros a<br \/>\nlos tel\u00e9fonos:<\/p>\n<h3 style=\"text-align: center;\"><strong>01.800.841.4002<\/strong><\/h3>\n<h3 style=\"text-align: center;\"><strong>01.800.830.1353<\/strong><\/h3>\n<p style=\"text-align: center;\"><strong>3.<\/strong>Acude a la funeraria que<br \/>\ncorresponda a tu localidad, seg\u00fan<br \/>\nnuestra lista de funerarias autorizadas.<\/p>\n<p>[\/vc_column_text][vc_custom_heading text=&#8221;AL MOMENTO DE SOLICITAR<br \/>\nEL SERVICIO, DEBER\u00c1S PRESENTAR<br \/>\nLA SIGUIENTE DOCUMENTACI\u00d3N:<br \/>\n&#8221; font_container=&#8221;tag:h3|text_align:center|color:%231f931d&#8221; google_fonts=&#8221;font_family:Cinzel%3Aregular%2C700%2C900|font_style:400%20regular%3A400%3Anormal&#8221;][vc_column_text]<\/p>\n<p style=\"text-align: center;\"><strong>1.<\/strong>Original del Certificado de Defunci\u00f3n<br \/>\n<strong>2.<\/strong>Acta de nacimiento, y en su caso,<br \/>\nActa de matrimonio.<\/p>\n<p>[\/vc_column_text][\/vc_column][vc_column width=&#8221;1\/2&#8243;][vc_custom_heading text=&#8221;LA P\u00d3LIZA PROTEGE A<br \/>\nLOS SIGUIENTES BENEFICIARIOS:<br \/>\n&#8221; font_container=&#8221;tag:h3|text_align:center|color:%231f931d&#8221; google_fonts=&#8221;font_family:Cinzel%3Aregular%2C700%2C900|font_style:400%20regular%3A400%3Anormal&#8221;][vc_column_text]<\/p>\n<table width=\"83\">\n<tbody>\n<tr>\n<td>\n<p style=\"text-align: center;\">&#8211; Padres<br \/>\n&#8211; C\u00f3nyuge<br \/>\n&#8211; Hijos<\/td>\n<\/tr>\n<\/tbody>\n<\/table>\n<p>[\/vc_column_text][vc_empty_space][vc_empty_space][vc_empty_space][vc_single_image image=&#8221;537&#8243; img_size=&#8221;medium&#8221; alignment=&#8221;center&#8221; img_link_large=&#8221;yes&#8221;][\/vc_column][\/vc_row][vc_row bg_type=&#8221;bg_color&#8221; bg_color_value=&#8221;#ffffff&#8221; css=&#8221;.vc_custom_1478366078590{margin-top: -35px !important;}&#8221;][vc_column width=&#8221;1\/2&#8243;][vc_custom_heading text=&#8221;LA P\u00d3LIZA CUBRE LOS SIGUIENTES CONCEPTOS :&#8221; font_container=&#8221;tag:h3|text_align:center|color:%231f931d&#8221; google_fonts=&#8221;font_family:Cinzel%3Aregular%2C700%2C900|font_style:400%20regular%3A400%3Anormal&#8221;][vc_column_text]<\/p>\n<p style=\"text-align: center;\">\u25cb Retirar el cuerpo del lugar del fallecimiento<br \/>\n(dentro del fundo legal de las<br \/>\nciudades del Estado de Chihuahua que<br \/>\naparecen como autorizadas).<\/p>\n<p style=\"text-align: center;\">\u25cb Preparaci\u00f3n (embalsamamiento) y<br \/>\nest\u00e9tica<\/p>\n<p style=\"text-align: center;\">\u25cb Ata\u00fad (nivel b\u00e1sico met\u00e1lico)<br \/>\n\u25cb Capilla de Velaci\u00f3n<\/p>\n<p style=\"text-align: center;\">\u25cb Servicio de Cafeter\u00eda<\/p>\n<p style=\"text-align: center;\">\u25cb Libro de Recuerdos<\/p>\n<p style=\"text-align: center;\">\u25cb Estampas Religiosas<\/p>\n<p style=\"text-align: center;\">\u25cb Traslado a la Iglesia y al Cementerio<br \/>\n\u25cb Gestor\u00eda ante las autoridades correspondientes<br \/>\npara efectuar la inhumaci\u00f3n o cremaci\u00f3n<br \/>\n\u25cb Cruz de madera \u00f3 urna est\u00e1ndar para dep\u00f3sito de cenizas<\/p>\n<p>[\/vc_column_text][\/vc_column][vc_column width=&#8221;1\/2&#8243;][vc_custom_heading text=&#8221;LA P\u00d3LIZA NO CUBRE LOS SIGUIENTES CONCEPTOS :&#8221; font_container=&#8221;tag:h3|text_align:center|color:%231f931d&#8221; google_fonts=&#8221;font_family:Cinzel%3Aregular%2C700%2C900|font_style:400%20regular%3A400%3Anormal&#8221;][vc_column_text]<\/p>\n<p style=\"text-align: center;\">\u25cb Gastos de Cementerio<\/p>\n<p style=\"text-align: center;\">\u25cb Costo de diferencia de ata\u00fad, si la persona<br \/>\nfallecida por su corpulencia requiere un<br \/>\nata\u00fad de mayores dimensiones<br \/>\n\u25cb Esquelas en los peri\u00f3dicos<\/p>\n<p style=\"text-align: center;\">\u25cb Cualquier pago por destape de nichos<br \/>\npara dep\u00f3sito de cenizas<\/p>\n<p style=\"text-align: center;\">\u25cb Gastos de traslado y\/o internaci\u00f3n si el<br \/>\nfallecimiento ocurriere fuera del fundo legal<br \/>\nde la Ciudad de Chihuahua y del fundo<br \/>\nlegal de las localidades del estado de<br \/>\nChihuahua. As\u00ed mismo, gastos de traslado<br \/>\ny\/o internaci\u00f3n si el contratante desea que<br \/>\nel cuerpo sea sepultado fuera del fundo<br \/>\nlegal de la Ciudad de Chihuahua,<br \/>\nChihuahua o fuera del fundo legal de las<br \/>\nlocalidades del estado de Chihuahua<br \/>\n\u25cb Servicio de florer\u00eda<\/p>\n<p>[\/vc_column_text][\/vc_column][\/vc_row][vc_row bg_type=&#8221;bg_color&#8221; css=&#8221;.vc_custom_1478366588381{margin-top: -33px !important;}&#8221; bg_color_value=&#8221;#ffffff&#8221;][vc_column][vc_custom_heading text=&#8221;Recuerda que se te brindar\u00e1 el servicio sin importar la edad, el estado de salud o el n\u00famero de eventos suscitados, siempre y cuando te encuentres al<br \/>\ncorriente de tus pagos.<br \/>\n&#8221; font_container=&#8221;tag:h3|text_align:center|color:%231f931d&#8221; google_fonts=&#8221;font_family:Cinzel%3Aregular%2C700%2C900|font_style:400%20regular%3A400%3Anormal&#8221;][vc_single_image image=&#8221;26&#8243; img_size=&#8221;medium&#8221; alignment=&#8221;center&#8221;][vc_column_text]<\/p>\n<h4 style=\"text-align: center;\">Tel\u00e9fonos sin costo:<br \/>\n01.800.841.4002<br \/>\n01.800.830.1353<br \/>\n<a href=\"http:\/\/www.funerariasanfelipe.com.mx\">www.funerariasanfelipe.com.mx<\/a><\/h4>\n<p>[\/vc_column_text][vc_empty_space][\/vc_column][\/vc_row]<\/p>\n","protected":false},"excerpt":{"rendered":"<p>[vc_row bg_type=&#8221;bg_color&#8221; bg_color_value=&#8221;#ffffff&#8221;][vc_column width=&#8221;1\/2&#8243;][vc_custom_heading text=&#8221;\u00bfC\u00d3MO REPORTAR UN EVENTO?&#8221; font_container=&#8221;tag:h3|text_align:center|color:%231f931d&#8221; google_fonts=&#8221;font_family:Cinzel%3Aregular%2C700%2C900|font_style:400%20regular%3A400%3Anormal&#8221;][vc_column_text] 1.Mant\u00e9n la calma y re\u00fane tu documentaci\u00f3n. 2.Comun\u00edcate con nosotros a los tel\u00e9fonos: 01.800.841.4002 01.800.830.1353 3.Acude a la funeraria que corresponda a tu localidad, seg\u00fan nuestra lista de funerarias autorizadas. [\/vc_column_text][vc_custom_heading text=&#8221;AL MOMENTO DE SOLICITAR EL SERVICIO, DEBER\u00c1S PRESENTAR LA SIGUIENTE DOCUMENTACI\u00d3N: &#8221; font_container=&#8221;tag:h3|text_align:center|color:%231f931d&#8221; google_fonts=&#8221;font_family:Cinzel%3Aregular%2C700%2C900|font_style:400%20regular%3A400%3Anormal&#8221;][vc_column_text] [&hellip;]<\/p>\n","protected":false},"author":1,"featured_media":0,"parent":0,"menu_order":0,"comment_status":"closed","ping_status":"closed","template":"","meta":{"footnotes":""},"class_list":["post-533","page","type-page","status-publish","hentry","post"],"_links":{"self":[{"href":"https:\/\/www.funerariasanfelipe.com.mx\/index.php\/wp-json\/wp\/v2\/pages\/533","targetHints":{"allow":["GET"]}}],"collection":[{"href":"https:\/\/www.funerariasanfelipe.com.mx\/index.php\/wp-json\/wp\/v2\/pages"}],"about":[{"href":"https:\/\/www.funerariasanfelipe.com.mx\/index.php\/wp-json\/wp\/v2\/types\/page"}],"author":[{"embeddable":true,"href":"https:\/\/www.funerariasanfelipe.com.mx\/index.php\/wp-json\/wp\/v2\/users\/1"}],"replies":[{"embeddable":true,"href":"https:\/\/www.funerariasanfelipe.com.mx\/index.php\/wp-json\/wp\/v2\/comments?post=533"}],"version-history":[{"count":0,"href":"https:\/\/www.funerariasanfelipe.com.mx\/index.php\/wp-json\/wp\/v2\/pages\/533\/revisions"}],"wp:attachment":[{"href":"https:\/\/www.funerariasanfelipe.com.mx\/index.php\/wp-json\/wp\/v2\/media?parent=533"}],"curies":[{"name":"wp","href":"https:\/\/api.w.org\/{rel}","templated":true}]}}