{"id":7,"date":"2015-10-26T19:08:44","date_gmt":"2015-10-26T19:08:44","guid":{"rendered":"http:\/\/www.funerariasanfelipe.com.mx\/?page_id=7"},"modified":"2019-05-07T18:30:11","modified_gmt":"2019-05-07T18:30:11","slug":"quienes-somos","status":"publish","type":"page","link":"https:\/\/www.funerariasanfelipe.com.mx\/index.php\/quienes-somos\/","title":{"rendered":"QUIENES SOMOS"},"content":{"rendered":"<p>[vc_row css=&#8221;.vc_custom_1450212942861{background-color: #ffffff !important;}&#8221;][vc_column css=&#8221;.vc_custom_1450212796714{padding-top: 20px !important;padding-right: 20px !important;padding-bottom: 20px !important;padding-left: 20px !important;background-color: #ffffff !important;}&#8221;][vc_column_text]<\/p>\n<p style=\"text-align: justify;\">En 1989 se fund\u00f3 la empresa <strong><span style=\"color: #008000;\">FUNERARIA<\/span><span style=\"color: #008000;\"><strong>\u00a0SAN FELIPE<\/strong>,<\/span><\/strong> creada con el objetivo de fomentar una cultura de previsi\u00f3n entre los chihuahuenses; en este mismo a\u00f1o se abri\u00f3 este nuevo mercado, hasta entonces desconocido en el Estado de Chihuahua.<\/p>\n<p style=\"text-align: justify;\">Con m\u00e1s de 30 a\u00f1os de experiencia, Funeraria San Felipe se ha consolidado como la agencia funeraria pionera y l\u00edder en la entidad en la promoci\u00f3n en ventas de servicios funerarios a futuro, celebrando de forma consecutiva contratos tanto individuales como con diversas compa\u00f1\u00edas, sindicatos y agrupaciones laborales.<\/p>\n<p style=\"text-align: justify;\">Funeraria San Felipe ha logrado influir en la mentalidad de la clase trabajadora creando una cultura de previsi\u00f3n. Gracias a esta visi\u00f3n ha tenido la oportunidad de servir a miles de trabajadores ofreciendo un servicio humano, respetuoso y de calidad en los momentos m\u00e1s dif\u00edciles.<\/p>\n<p style=\"text-align: justify;\">Al d\u00eda de hoy Funeraria San Felipe se encuentra en constante crecimiento, comprometida con sus clientes y el medio ambiente, siendo la \u00fanica funeraria\u00a0autosustentable utilizando un sistema de energ\u00eda solar. As\u00ed mismo cuenta con programas de capacitaci\u00f3n continuos para el personal que labora en la organizaci\u00f3n, logrando as\u00ed ofrecer el mejor servicio en su ramo.<\/p>\n<p>[\/vc_column_text][vc_single_image image=&#8221;1727&#8243; img_size=&#8221;full&#8221;][vc_column_text]<\/p>\n<p style=\"text-align: justify;\">\n<p style=\"text-align: justify;\"><strong><span style=\"color: #008000;\">MISI\u00d3N<\/span><\/strong><\/p>\n<p style=\"text-align: justify;\">Proporcionar servicios funerarios integrales con el m\u00e1s alto nivel de calidad, calidez, respeto, \u00e9tica profesional y honestidad a un costo justo.<\/p>\n<p style=\"text-align: justify;\">Explotar todas las actividades comerciales y de servicios relacionadas, ya sea de forma exclusiva o recurriendo a alianzas en toda la Rep\u00fablica Mexicana.<\/p>\n<p style=\"text-align: justify;\">En Funeraria San Felipe sabemos que el trato humano es lo principal para nuestros clientes en esos momentos tan dif\u00edciles, por ello contamos con personal altamente capacitado y profesional con un arraigado esp\u00edritu de servicio.<\/p>\n<p style=\"text-align: justify;\">Estamos comprometidos a continuar ejerciendo los valores que hasta ahora nos han permitido llegar a ser una organizaci\u00f3n s\u00f3lida y respetable al servicio de sus clientes.<\/p>\n<p style=\"text-align: justify;\">\n<p style=\"text-align: justify;\">\n<p style=\"text-align: justify;\"><strong><span style=\"color: #008000;\">VISI\u00d3N<\/span><\/strong><\/p>\n<p style=\"text-align: justify;\">En Funeraria San Felipe deseamos continuar con nuestro crecimiento no s\u00f3lo a nivel estatal, si no llegar a ser una de las empresas funerarias de m\u00e1s prestigio en el pa\u00eds.<\/p>\n<p style=\"text-align: justify;\">Queremos seguir desarrollando una estructura organizacional eficiente donde su personal tenga la oportunidad de desarrollarse profesional y personalmente mejorando as\u00ed el servicio ofrecido a nuestros clientes.<\/p>\n<p style=\"text-align: justify;\">Funeraria San Felipe seguir\u00e1 ampliando su cat\u00e1logo de servicios adecu\u00e1ndose a los avances tecnol\u00f3gicos y sociales, pero sobre todo para cumplir las expectativas y necesidades de sus clientes.<\/p>\n<p>[\/vc_column_text][\/vc_column][\/vc_row]<\/p>\n","protected":false},"excerpt":{"rendered":"<p>[vc_row css=&#8221;.vc_custom_1450212942861{background-color: #ffffff !important;}&#8221;][vc_column css=&#8221;.vc_custom_1450212796714{padding-top: 20px !important;padding-right: 20px !important;padding-bottom: 20px !important;padding-left: 20px !important;background-color: #ffffff !important;}&#8221;][vc_column_text] En 1989 se fund\u00f3 la empresa FUNERARIA\u00a0SAN FELIPE, creada con el objetivo de fomentar una cultura de previsi\u00f3n entre los chihuahuenses; en este mismo a\u00f1o se abri\u00f3 este nuevo mercado, hasta entonces desconocido en el Estado de Chihuahua. Con m\u00e1s [&hellip;]<\/p>\n","protected":false},"author":1,"featured_media":0,"parent":0,"menu_order":0,"comment_status":"closed","ping_status":"open","template":"","meta":{"footnotes":""},"class_list":["post-7","page","type-page","status-publish","hentry","post"],"_links":{"self":[{"href":"https:\/\/www.funerariasanfelipe.com.mx\/index.php\/wp-json\/wp\/v2\/pages\/7","targetHints":{"allow":["GET"]}}],"collection":[{"href":"https:\/\/www.funerariasanfelipe.com.mx\/index.php\/wp-json\/wp\/v2\/pages"}],"about":[{"href":"https:\/\/www.funerariasanfelipe.com.mx\/index.php\/wp-json\/wp\/v2\/types\/page"}],"author":[{"embeddable":true,"href":"https:\/\/www.funerariasanfelipe.com.mx\/index.php\/wp-json\/wp\/v2\/users\/1"}],"replies":[{"embeddable":true,"href":"https:\/\/www.funerariasanfelipe.com.mx\/index.php\/wp-json\/wp\/v2\/comments?post=7"}],"version-history":[{"count":0,"href":"https:\/\/www.funerariasanfelipe.com.mx\/index.php\/wp-json\/wp\/v2\/pages\/7\/revisions"}],"wp:attachment":[{"href":"https:\/\/www.funerariasanfelipe.com.mx\/index.php\/wp-json\/wp\/v2\/media?parent=7"}],"curies":[{"name":"wp","href":"https:\/\/api.w.org\/{rel}","templated":true}]}}